{"id":393,"date":"2023-06-02T17:25:09","date_gmt":"2023-06-02T17:25:09","guid":{"rendered":"http:\/\/maragallabogados.com\/?page_id=393"},"modified":"2023-06-08T07:12:20","modified_gmt":"2023-06-08T07:12:20","slug":"aviso-legal-abogados-en-barcelona","status":"publish","type":"page","link":"https:\/\/maragallabogados.com\/ca\/aviso-legal-abogados-en-barcelona\/","title":{"rendered":"AV\u00cdS LEGAL"},"content":{"rendered":"<div data-elementor-type=\"wp-page\" data-elementor-id=\"393\" class=\"elementor elementor-393\" data-elementor-post-type=\"page\">\n\t\t\t\t\t\t<section class=\"elementor-section elementor-top-section elementor-element elementor-element-471f5dd elementor-section-boxed elementor-section-height-default elementor-section-height-default\" data-id=\"471f5dd\" data-element_type=\"section\" data-settings=\"{&quot;background_background&quot;:&quot;classic&quot;}\">\n\t\t\t\t\t\t\t<div class=\"elementor-background-overlay\"><\/div>\n\t\t\t\t\t\t\t<div class=\"elementor-container elementor-column-gap-default\">\n\t\t\t\t\t<div class=\"elementor-column elementor-col-100 elementor-top-column elementor-element elementor-element-e23eb68\" data-id=\"e23eb68\" data-element_type=\"column\">\n\t\t\t<div class=\"elementor-widget-wrap elementor-element-populated\">\n\t\t\t\t\t\t<div class=\"elementor-element elementor-element-eb487a9 elementor-widget elementor-widget-heading\" data-id=\"eb487a9\" data-element_type=\"widget\" data-widget_type=\"heading.default\">\n\t\t\t\t<div class=\"elementor-widget-container\">\n\t\t\t\t\t<h2 class=\"elementor-heading-title elementor-size-default\">AV\u00cdS LEGAL<\/h2>\t\t\t\t<\/div>\n\t\t\t\t<\/div>\n\t\t\t\t\t<\/div>\n\t\t<\/div>\n\t\t\t\t\t<\/div>\n\t\t<\/section>\n\t\t\t\t<section class=\"elementor-section elementor-top-section elementor-element elementor-element-56a90c1 elementor-section-boxed elementor-section-height-default elementor-section-height-default\" data-id=\"56a90c1\" data-element_type=\"section\">\n\t\t\t\t\t\t<div class=\"elementor-container elementor-column-gap-default\">\n\t\t\t\t\t<div class=\"elementor-column elementor-col-100 elementor-top-column elementor-element elementor-element-d3508e6\" data-id=\"d3508e6\" data-element_type=\"column\">\n\t\t\t<div class=\"elementor-widget-wrap elementor-element-populated\">\n\t\t\t\t\t\t<section class=\"elementor-section elementor-inner-section elementor-element elementor-element-247cd54 elementor-reverse-mobile elementor-section-boxed elementor-section-height-default elementor-section-height-default\" data-id=\"247cd54\" data-element_type=\"section\">\n\t\t\t\t\t\t<div class=\"elementor-container elementor-column-gap-default\">\n\t\t\t\t\t<div class=\"elementor-column elementor-col-50 elementor-inner-column elementor-element elementor-element-da50a85 elementor-hidden-mobile\" data-id=\"da50a85\" data-element_type=\"column\">\n\t\t\t<div class=\"elementor-widget-wrap elementor-element-populated\">\n\t\t\t\t\t\t<div class=\"elementor-element elementor-element-c463847 elementor-widget elementor-widget-button\" data-id=\"c463847\" data-element_type=\"widget\" data-settings=\"{&quot;motion_fx_motion_fx_scrolling&quot;:&quot;yes&quot;,&quot;sticky&quot;:&quot;top&quot;,&quot;motion_fx_devices&quot;:[&quot;desktop&quot;,&quot;tablet&quot;,&quot;mobile&quot;],&quot;sticky_on&quot;:[&quot;desktop&quot;,&quot;tablet&quot;,&quot;mobile&quot;],&quot;sticky_offset&quot;:0,&quot;sticky_effects_offset&quot;:0,&quot;sticky_anchor_link_offset&quot;:0}\" data-widget_type=\"button.default\">\n\t\t\t\t<div class=\"elementor-widget-container\">\n\t\t\t\t\t\t\t\t\t<div class=\"elementor-button-wrapper\">\n\t\t\t\t\t<a class=\"elementor-button elementor-button-link elementor-size-sm\" href=\"http:\/\/maragallabogados.com\/ca\/aviso-legal\/#legal\">\n\t\t\t\t\t\t<span class=\"elementor-button-content-wrapper\">\n\t\t\t\t\t\t\t\t\t<span class=\"elementor-button-text\">Av\u00eds legal<\/span>\n\t\t\t\t\t<\/span>\n\t\t\t\t\t<\/a>\n\t\t\t\t<\/div>\n\t\t\t\t\t\t\t\t<\/div>\n\t\t\t\t<\/div>\n\t\t\t\t<div class=\"elementor-element elementor-element-530b1c9 elementor-widget elementor-widget-button\" data-id=\"530b1c9\" data-element_type=\"widget\" data-settings=\"{&quot;sticky&quot;:&quot;top&quot;,&quot;sticky_offset&quot;:56,&quot;sticky_parent&quot;:&quot;yes&quot;,&quot;sticky_on&quot;:[&quot;desktop&quot;,&quot;tablet&quot;,&quot;mobile&quot;],&quot;sticky_effects_offset&quot;:0,&quot;sticky_anchor_link_offset&quot;:0}\" data-widget_type=\"button.default\">\n\t\t\t\t<div class=\"elementor-widget-container\">\n\t\t\t\t\t\t\t\t\t<div class=\"elementor-button-wrapper\">\n\t\t\t\t\t<a class=\"elementor-button elementor-button-link elementor-size-sm\" href=\"http:\/\/maragallabogados.com\/ca\/aviso-legal\/#cookies\">\n\t\t\t\t\t\t<span class=\"elementor-button-content-wrapper\">\n\t\t\t\t\t\t\t\t\t<span class=\"elementor-button-text\">Pol\u00edtica de cookies<\/span>\n\t\t\t\t\t<\/span>\n\t\t\t\t\t<\/a>\n\t\t\t\t<\/div>\n\t\t\t\t\t\t\t\t<\/div>\n\t\t\t\t<\/div>\n\t\t\t\t<div class=\"elementor-element elementor-element-f85370e elementor-widget elementor-widget-button\" data-id=\"f85370e\" data-element_type=\"widget\" data-settings=\"{&quot;sticky&quot;:&quot;top&quot;,&quot;sticky_offset&quot;:114,&quot;sticky_parent&quot;:&quot;yes&quot;,&quot;sticky_on&quot;:[&quot;desktop&quot;,&quot;tablet&quot;,&quot;mobile&quot;],&quot;sticky_effects_offset&quot;:0,&quot;sticky_anchor_link_offset&quot;:0}\" data-widget_type=\"button.default\">\n\t\t\t\t<div class=\"elementor-widget-container\">\n\t\t\t\t\t\t\t\t\t<div class=\"elementor-button-wrapper\">\n\t\t\t\t\t<a class=\"elementor-button elementor-button-link elementor-size-sm\" href=\"http:\/\/maragallabogados.com\/ca\/aviso-legal\/#PRIVACIDAD\">\n\t\t\t\t\t\t<span class=\"elementor-button-content-wrapper\">\n\t\t\t\t\t\t\t\t\t<span class=\"elementor-button-text\">Pol\u00edtica de privacitat<\/span>\n\t\t\t\t\t<\/span>\n\t\t\t\t\t<\/a>\n\t\t\t\t<\/div>\n\t\t\t\t\t\t\t\t<\/div>\n\t\t\t\t<\/div>\n\t\t\t\t<div class=\"elementor-element elementor-element-4e4d3f5 elementor-widget elementor-widget-button\" data-id=\"4e4d3f5\" data-element_type=\"widget\" data-settings=\"{&quot;sticky&quot;:&quot;top&quot;,&quot;sticky_offset&quot;:176,&quot;sticky_parent&quot;:&quot;yes&quot;,&quot;sticky_on&quot;:[&quot;desktop&quot;,&quot;tablet&quot;,&quot;mobile&quot;],&quot;sticky_effects_offset&quot;:0,&quot;sticky_anchor_link_offset&quot;:0}\" data-widget_type=\"button.default\">\n\t\t\t\t<div class=\"elementor-widget-container\">\n\t\t\t\t\t\t\t\t\t<div class=\"elementor-button-wrapper\">\n\t\t\t\t\t<a class=\"elementor-button elementor-button-link elementor-size-sm\" href=\"http:\/\/maragallabogados.com\/ca\/\">\n\t\t\t\t\t\t<span class=\"elementor-button-content-wrapper\">\n\t\t\t\t\t\t\t\t\t<span class=\"elementor-button-text\">Tornar a l'inici<\/span>\n\t\t\t\t\t<\/span>\n\t\t\t\t\t<\/a>\n\t\t\t\t<\/div>\n\t\t\t\t\t\t\t\t<\/div>\n\t\t\t\t<\/div>\n\t\t\t\t\t<\/div>\n\t\t<\/div>\n\t\t\t\t<div class=\"elementor-column elementor-col-50 elementor-inner-column elementor-element elementor-element-4b2706e\" data-id=\"4b2706e\" data-element_type=\"column\">\n\t\t\t<div class=\"elementor-widget-wrap elementor-element-populated\">\n\t\t\t\t\t\t<div class=\"elementor-element elementor-element-f95d57f elementor-widget-tablet__width-initial elementor-widget elementor-widget-menu-anchor\" data-id=\"f95d57f\" data-element_type=\"widget\" data-widget_type=\"menu-anchor.default\">\n\t\t\t\t<div class=\"elementor-widget-container\">\n\t\t\t\t\t\t\t<div class=\"elementor-menu-anchor\" id=\"legal\"><\/div>\n\t\t\t\t\t\t<\/div>\n\t\t\t\t<\/div>\n\t\t\t\t<div class=\"elementor-element elementor-element-5bb3191 elementor-widget elementor-widget-heading\" data-id=\"5bb3191\" data-element_type=\"widget\" data-widget_type=\"heading.default\">\n\t\t\t\t<div class=\"elementor-widget-container\">\n\t\t\t\t\t<h2 class=\"elementor-heading-title elementor-size-default\">Av\u00eds legal<\/h2>\t\t\t\t<\/div>\n\t\t\t\t<\/div>\n\t\t\t\t<div class=\"elementor-element elementor-element-b092f54 elementor-widget-tablet__width-initial elementor-widget elementor-widget-text-editor\" data-id=\"b092f54\" data-element_type=\"widget\" data-widget_type=\"text-editor.default\">\n\t\t\t\t<div class=\"elementor-widget-container\">\n\t\t\t\t\t\t\t\t\t<p>Benvingut\/a a la p\u00e0gina web de Maragall Advocats. Som una jove empresa d'Advocats a Barcelona. A continuaci\u00f3, et proporcionem la informaci\u00f3 legal rellevant sobre l'\u00fas del nostre lloc web maragallabogados.com.<\/p><p>\u00a0<\/p><ol><li>Titularitat del lloc web:<\/li><\/ol><p>Maragall Advocats<\/p><p>Direcci\u00f3: Carrer Am\u00edlcar 109 bis, 08032, Barcelona<\/p><p>Tel\u00e8fon: 686073549<\/p><p>Correu electr\u00f2nic: info@maragalladvocats.com<\/p><p>\u00a0<\/p><ol start=\"2\"><li>Propietat intel\u00b7lectual:<\/li><\/ol><p>Tots els continguts d'aquest lloc web, incloent-hi textos, imatges, logotips, gr\u00e0fics i altres elements, estan protegits per les lleis de propietat intel\u00b7lectual i s\u00f3n propietat exclusiva de Maragall Advocats o de tercers que han atorgat els drets corresponents. Queda estrictament prohibida qualsevol reproducci\u00f3, distribuci\u00f3, modificaci\u00f3 o \u00fas no autoritzat d' aquests continguts sense el consentiment previ i per escrit de Maragall Advocats.<\/p><p>\u00a0<\/p><ol start=\"3\"><li>Responsabilitat de l' usuari:<\/li><\/ol><p>L'usuari assumeix la responsabilitat total i exclusiva de l'\u00fas correcte i adequat del lloc web maragallabogados.com. Maragall Advocats no es fa responsable de qualsevol dany, p\u00e8rdua o perjudici que pogu\u00e9s resultar de l'acc\u00e9s, \u00fas o mal \u00fas de la informaci\u00f3 continguda en aquest lloc web.<\/p><p>\u00a0<\/p><ol start=\"4\"><li>Enlla\u00e7os externs:<\/li><\/ol><p>El nostre lloc web d'Advocats a Barcelona pot incloure enlla\u00e7os a llocs web de tercers. Aquests enlla\u00e7os es proporcionen \u00fanicament per facilitar la navegaci\u00f3 de l' usuari. Maragall Advocats no es fa responsable dels continguts, serveis o productes oferts en aquests llocs web de tercers.<\/p><p>\u00a0<\/p><ol start=\"5\"><li>Protecci\u00f3 de dades personals:<\/li><\/ol><p>Maragall Advocats compleix amb la normativa aplicable en mat\u00e8ria de protecci\u00f3 de dades personals. Per obtenir informaci\u00f3 detallada sobre com es recopilen, utilitzen i protegeixen les teves dades personals, et convidem a revisar la nostra Pol\u00edtica de Privacitat.<\/p><p>\u00a0<\/p><ol start=\"6\"><li>Modificacions i actualitzacions:<\/li><\/ol><p>Maragall Advocats es reserva el dret de realitzar modificacions, actualitzacions o eliminacions de continguts, serveis o funcionalitats d'aquest lloc web en qualsevol moment i sense previ av\u00eds.<\/p><p>\u00a0<\/p><ol start=\"7\"><li>Legislaci\u00f3 aplicable i jurisdicci\u00f3:<\/li><\/ol><p>Aquest av\u00eds legal es regeix per la legislaci\u00f3 espanyola. Qualsevol disputa, controv\u00e8rsia o reclamaci\u00f3 relacionada amb aquest lloc web se sotmetr\u00e0 a la jurisdicci\u00f3 exclusiva dels tribunals de Barcelona, renunciant expressament a qualsevol altre fur que pogu\u00e9s correspondre.<\/p>\t\t\t\t\t\t\t\t<\/div>\n\t\t\t\t<\/div>\n\t\t\t\t<div class=\"elementor-element elementor-element-d504975 elementor-widget elementor-widget-menu-anchor\" data-id=\"d504975\" data-element_type=\"widget\" data-widget_type=\"menu-anchor.default\">\n\t\t\t\t<div class=\"elementor-widget-container\">\n\t\t\t\t\t\t\t<div class=\"elementor-menu-anchor\" id=\"cookies\"><\/div>\n\t\t\t\t\t\t<\/div>\n\t\t\t\t<\/div>\n\t\t\t\t<div class=\"elementor-element elementor-element-85b8c0d elementor-widget elementor-widget-heading\" data-id=\"85b8c0d\" data-element_type=\"widget\" data-widget_type=\"heading.default\">\n\t\t\t\t<div class=\"elementor-widget-container\">\n\t\t\t\t\t<h2 class=\"elementor-heading-title elementor-size-default\">POL\u00cdTICA DE COOKIES<\/h2>\t\t\t\t<\/div>\n\t\t\t\t<\/div>\n\t\t\t\t<div class=\"elementor-element elementor-element-6da206b elementor-widget elementor-widget-text-editor\" data-id=\"6da206b\" data-element_type=\"widget\" data-widget_type=\"text-editor.default\">\n\t\t\t\t<div class=\"elementor-widget-container\">\n\t\t\t\t\t\t\t\t\t<ol><li>Qu\u00e8 s\u00f3n les cookies?<\/li><\/ol><p>Les cookies s\u00f3n petits arxius de text que s'emmagatzemen en el teu dispositiu (ordinador, tel\u00e8fon m\u00f2bil, tauleta, etc.) quan visites el nostre lloc web. Aquestes cookies recopilen informaci\u00f3 sobre la teva navegaci\u00f3 i ens permeten oferir-te una millor experi\u00e8ncia i serveis personalitzats.<\/p><ol start=\"2\"><li>Quins tipus de cookies utilitzem?<\/li><\/ol><p>Utilitzem tant cookies pr\u00f2pies (aquelles que s'envien al teu dispositiu des dels nostres propis servidors) com cookies de tercers (aquelles que s\u00f3n enviades per tercers i que ens permeten analitzar i millorar el nostre lloc web).<\/p><p>Les cookies que utilitzem al nostre lloc web es poden classificar en les seg\u00fcents categories:<\/p><ul><li>Cookies essencials: Aquestes cookies s\u00f3n necess\u00e0ries per al correcte funcionament del nostre lloc web. No recopilen informaci\u00f3 personal i no es poden desactivar en els nostres sistemes.<\/li><li>Cookies d'an\u00e0lisi: Aquestes cookies recopilen informaci\u00f3 sobre com els usuaris utilitzen el nostre lloc web, com les p\u00e0gines visitades, el temps de visita, els enlla\u00e7os en qu\u00e8 es fa clic, etc. Utilitzem aquesta informaci\u00f3 per analitzar i millorar el rendiment del nostre lloc i proporcionar una experi\u00e8ncia de navegaci\u00f3 m\u00e9s fluida i personalitzada.<\/li><li>Cookies de personalitzaci\u00f3: Aquestes cookies permeten recordar les teves prefer\u00e8ncies i oferir-te continguts personalitzats basats en els teus interessos i comportament de navegaci\u00f3 previ.<\/li><li>Cookies de publicitat: Utilitzem cookies de tercers per mostrar anuncis rellevants per a tu al nostre lloc web i en altres p\u00e0gines web. Aquestes cookies recopilen informaci\u00f3 sobre les teves visites al nostre lloc web i a altres llocs, permetent que els anuncis s'adaptin als teus interessos.<\/li><\/ul><p>\u00a0<\/p><ol start=\"3\"><li>Com pots gestionar les cookies?<\/li><\/ol><p>En accedir al nostre lloc web, t'informarem sobre l'\u00fas de cookies i sol\u00b7licitarem el teu consentiment per utilitzar-les. Pots canviar les teves prefer\u00e8ncies de cookies en qualsevol moment a trav\u00e9s de la configuraci\u00f3 del teu navegador. Tingues en compte que si desactives certes cookies, \u00e9s possible que algunes funcionalitats del nostre lloc web no estiguin disponibles o no funcionin correctament.<\/p><ol start=\"4\"><li>Quant temps es conserven les cookies?<\/li><\/ol><p>La durada de les cookies pot variar segons el seu tipus:<\/p><ul><li>Cookies de sessi\u00f3: Aquestes cookies s'eliminen autom\u00e0ticament en tancar el teu navegador.<\/li><li>Cookies persistents: Aquestes cookies es mantenen en el teu dispositiu durant un per\u00edode de temps m\u00e9s llarg, fins i tot despr\u00e9s de tancar el teu navegador, llevat que les elimines manualment.<\/li><\/ul><p>\u00a0<\/p><ol start=\"5\"><li>Com contactar-nos?<\/li><\/ol><p>Si tens alguna pregunta o dubte sobre la nostra Pol\u00edtica de Cookies, no dubtis a posar-te en contacte amb nosaltres a trav\u00e9s de les dades de contacte proporcionades en el nostre Av\u00eds Legal.<\/p>\t\t\t\t\t\t\t\t<\/div>\n\t\t\t\t<\/div>\n\t\t\t\t<div class=\"elementor-element elementor-element-52ea876 elementor-widget elementor-widget-menu-anchor\" data-id=\"52ea876\" data-element_type=\"widget\" data-widget_type=\"menu-anchor.default\">\n\t\t\t\t<div class=\"elementor-widget-container\">\n\t\t\t\t\t\t\t<div class=\"elementor-menu-anchor\" id=\"PRIVACIDAD\"><\/div>\n\t\t\t\t\t\t<\/div>\n\t\t\t\t<\/div>\n\t\t\t\t<div class=\"elementor-element elementor-element-a7b23af elementor-widget elementor-widget-heading\" data-id=\"a7b23af\" data-element_type=\"widget\" data-widget_type=\"heading.default\">\n\t\t\t\t<div class=\"elementor-widget-container\">\n\t\t\t\t\t<h2 class=\"elementor-heading-title elementor-size-default\">POL\u00cdTICA DE PRIVACITAT<\/h2>\t\t\t\t<\/div>\n\t\t\t\t<\/div>\n\t\t\t\t<div class=\"elementor-element elementor-element-65aa333 elementor-widget elementor-widget-text-editor\" data-id=\"65aa333\" data-element_type=\"widget\" data-widget_type=\"text-editor.default\">\n\t\t\t\t<div class=\"elementor-widget-container\">\n\t\t\t\t\t\t\t\t\t<p>Al acceder y utilizar el sitio web maragallabogados.com, se considera que el visitante de la Web adquiere la condici\u00f3n de usuario y acepta de manera incondicional las condiciones de uso vigentes en cada momento.<\/p>\n<p>A Maragall Advocats, atorguem gran import\u00e0ncia a la privacitat de les persones, ja siguin visitants del lloc web o altres involucrats que ens proporcionen informaci\u00f3 com a part dels nostres serveis.<\/p>\n<p>En aquest sentit, ens comprometem a tractar les teves dades d'acord amb la normativa de protecci\u00f3 de dades personals aplicable i vigent. Complim amb els requisits establerts en la Llei Org\u00e0nica 3\/2018, de 5 de desembre, de Protecci\u00f3 de Dades Personals i garantia dels drets digitals (LOPDGDD), aix\u00ed com amb el Reglament (UE) 2016\/679, de 27 d'abril de 2016, del Parlament Europeu i del Consell, conegut com a RGPD, el qual regula la protecci\u00f3 de dades personals i la lliure circulaci\u00f3 d'aquestes dades. A m\u00e9s, tamb\u00e9 complim amb qualsevol altra regulaci\u00f3 pertinent que estigui en vigor en cada moment.<\/p>\n<p>Amb l'objectiu d'informar-te sobre el tractament de les teves dades personals i els principis fonamentals que apliquem en quant a la protecci\u00f3 de dades, et proporcionem la nostra Pol\u00edtica de Privacitat.<\/p>\n<p>En utilitzar el nostre lloc web, reconeixes haver llegit i acceptat tant aquesta Pol\u00edtica de Privacitat com el nostre Av\u00eds Legal.<\/p><p>Per a qualsevol dubte sobre el nostre servei d'advocats a Barcelona no dubti en contactar amb nosaltres.<\/p>\t\t\t\t\t\t\t\t<\/div>\n\t\t\t\t<\/div>\n\t\t\t\t<div class=\"elementor-element elementor-element-7b603d0 elementor-widget elementor-widget-image\" data-id=\"7b603d0\" data-element_type=\"widget\" data-widget_type=\"image.default\">\n\t\t\t\t<div class=\"elementor-widget-container\">\n\t\t\t\t\t\t\t\t\t\t\t\t\t\t\t<img decoding=\"async\" width=\"1\" height=\"1\" src=\"https:\/\/maragallabogados.com\/wp-content\/uploads\/2023\/06\/justicia1.avif\" class=\"attachment-large size-large wp-image-566\" alt=\"derecho laboral\" \/>\t\t\t\t\t\t\t\t\t\t\t\t\t\t\t<\/div>\n\t\t\t\t<\/div>\n\t\t\t\t\t<\/div>\n\t\t<\/div>\n\t\t\t\t\t<\/div>\n\t\t<\/section>\n\t\t\t\t\t<\/div>\n\t\t<\/div>\n\t\t\t\t\t<\/div>\n\t\t<\/section>\n\t\t\t\t<section class=\"elementor-section elementor-top-section elementor-element elementor-element-d3f6f1c elementor-section-boxed elementor-section-height-default elementor-section-height-default\" data-id=\"d3f6f1c\" data-element_type=\"section\">\n\t\t\t\t\t\t<div class=\"elementor-container elementor-column-gap-default\">\n\t\t\t\t\t<div class=\"elementor-column elementor-col-100 elementor-top-column elementor-element elementor-element-b7d3963\" data-id=\"b7d3963\" data-element_type=\"column\">\n\t\t\t<div class=\"elementor-widget-wrap elementor-element-populated\">\n\t\t\t\t\t\t<div class=\"elementor-element elementor-element-23e9f2b elementor-fixed elementor-widget__width-auto elementor-shape-rounded elementor-grid-0 e-grid-align-center elementor-widget elementor-widget-social-icons\" data-id=\"23e9f2b\" data-element_type=\"widget\" data-settings=\"{&quot;_position&quot;:&quot;fixed&quot;}\" data-widget_type=\"social-icons.default\">\n\t\t\t\t<div class=\"elementor-widget-container\">\n\t\t\t\t\t\t\t<div class=\"elementor-social-icons-wrapper elementor-grid\">\n\t\t\t\t\t\t\t<span class=\"elementor-grid-item\">\n\t\t\t\t\t<a class=\"elementor-icon elementor-social-icon elementor-social-icon-whatsapp elementor-repeater-item-c4b484d\" href=\"https:\/\/api.whatsapp.com\/send?phone=34686073549\" target=\"_blank\" rel=\"noopener\">\n\t\t\t\t\t\t<span class=\"elementor-screen-only\">Whatsapp<\/span>\n\t\t\t\t\t\t<i aria-hidden=\"true\" class=\"fab fa-whatsapp\"><\/i>\t\t\t\t\t<\/a>\n\t\t\t\t<\/span>\n\t\t\t\t\t<\/div>\n\t\t\t\t\t\t<\/div>\n\t\t\t\t<\/div>\n\t\t\t\t\t<\/div>\n\t\t<\/div>\n\t\t\t\t\t<\/div>\n\t\t<\/section>\n\t\t\t\t<section class=\"elementor-section elementor-top-section elementor-element elementor-element-3788d75 elementor-section-boxed elementor-section-height-default elementor-section-height-default\" data-id=\"3788d75\" data-element_type=\"section\">\n\t\t\t\t\t\t<div class=\"elementor-container elementor-column-gap-default\">\n\t\t\t\t\t<div class=\"elementor-column elementor-col-100 elementor-top-column elementor-element elementor-element-0fd2d22\" data-id=\"0fd2d22\" data-element_type=\"column\">\n\t\t\t<div class=\"elementor-widget-wrap elementor-element-populated\">\n\t\t\t\t\t\t<div class=\"elementor-element elementor-element-702c0ba elementor-widget elementor-widget-spacer\" data-id=\"702c0ba\" data-element_type=\"widget\" data-widget_type=\"spacer.default\">\n\t\t\t\t<div class=\"elementor-widget-container\">\n\t\t\t\t\t\t\t<div class=\"elementor-spacer\">\n\t\t\t<div class=\"elementor-spacer-inner\"><\/div>\n\t\t<\/div>\n\t\t\t\t\t\t<\/div>\n\t\t\t\t<\/div>\n\t\t\t\t\t<\/div>\n\t\t<\/div>\n\t\t\t\t\t<\/div>\n\t\t<\/section>\n\t\t\t\t<\/div>","protected":false},"excerpt":{"rendered":"<p>AVISO LEGAL Aviso legal Pol\u00edtica de cookies Pol\u00edtica de privacidad Volver al incio Aviso legal Bienvenido\/a a la p\u00e1gina web de Maragall Advocats. Somos una joven empresa de Abogados en Barcelona. A continuaci\u00f3n, te proporcionamos la informaci\u00f3n legal relevante sobre el uso de nuestro sitio web maragallabogados.com. \u00a0 Titularidad del sitio web: Maragall Advocats Direcci\u00f3n: [&hellip;]<\/p>","protected":false},"author":1,"featured_media":0,"parent":0,"menu_order":0,"comment_status":"closed","ping_status":"closed","template":"","meta":{"footnotes":""},"class_list":["post-393","page","type-page","status-publish","hentry"],"_links":{"self":[{"href":"https:\/\/maragallabogados.com\/ca\/wp-json\/wp\/v2\/pages\/393","targetHints":{"allow":["GET"]}}],"collection":[{"href":"https:\/\/maragallabogados.com\/ca\/wp-json\/wp\/v2\/pages"}],"about":[{"href":"https:\/\/maragallabogados.com\/ca\/wp-json\/wp\/v2\/types\/page"}],"author":[{"embeddable":true,"href":"https:\/\/maragallabogados.com\/ca\/wp-json\/wp\/v2\/users\/1"}],"replies":[{"embeddable":true,"href":"https:\/\/maragallabogados.com\/ca\/wp-json\/wp\/v2\/comments?post=393"}],"version-history":[{"count":0,"href":"https:\/\/maragallabogados.com\/ca\/wp-json\/wp\/v2\/pages\/393\/revisions"}],"wp:attachment":[{"href":"https:\/\/maragallabogados.com\/ca\/wp-json\/wp\/v2\/media?parent=393"}],"curies":[{"name":"wp","href":"https:\/\/api.w.org\/{rel}","templated":true}]}}